{"id":5310,"date":"2020-01-10T20:02:02","date_gmt":"2020-01-10T20:02:02","guid":{"rendered":"https:\/\/www.safershorelines.com\/gestion\/"},"modified":"2024-01-16T15:56:12","modified_gmt":"2024-01-16T15:56:12","slug":"gestion","status":"publish","type":"page","link":"https:\/\/www.safershorelines.com\/es\/red\/gestion\/","title":{"rendered":"Gesti\u00f3n"},"content":{"rendered":"\n<style type=\"text\/css\" data-created_by=\"avia_inline_auto\" id=\"style-css-av-3nid-8ad82dfa003c1fd2f5a383a9ee17d146\">\n#top .av-special-heading.av-3nid-8ad82dfa003c1fd2f5a383a9ee17d146{\npadding-bottom:10px;\n}\nbody .av-special-heading.av-3nid-8ad82dfa003c1fd2f5a383a9ee17d146 .av-special-heading-tag .heading-char{\nfont-size:25px;\n}\n.av-special-heading.av-3nid-8ad82dfa003c1fd2f5a383a9ee17d146 .av-subheading{\nfont-size:15px;\n}\n<\/style>\n<div  class='av-special-heading av-3nid-8ad82dfa003c1fd2f5a383a9ee17d146 av-special-heading-h1 blockquote modern-quote  avia-builder-el-0  el_before_av_textblock  avia-builder-el-first  av-linked-heading'><h1 class='av-special-heading-tag '  itemprop=\"headline\"  >Gesti\u00f3n<\/h1><div class=\"special-heading-border\"><div class=\"special-heading-inner-border\"><\/div><\/div><\/div>\n<section  class='av_textblock_section av-k58l6wet-73042296eabb25d687f5b66b091883aa '   itemscope=\"itemscope\" itemtype=\"https:\/\/schema.org\/CreativeWork\" ><div class='avia_textblock'  itemprop=\"text\" ><p>El mantenimiento del sitio web y la creaci\u00f3n de documentos, as\u00ed como todas las dem\u00e1s cuestiones organizativas, se llevan a cabo en la sede central de Austria. M\u00e1s adelante, est\u00e1 prevista una organizaci\u00f3n independiente para cada pa\u00eds. \u00c9stos trabajar\u00e1n por su cuenta financieramente bas\u00e1ndose en los principios desarrollados en Austria.<\/p>\n<p>tiene lugar en Austria. La sede central aglutina ideas y adapta las estructuras de los pa\u00edses. Est\u00e1 prevista una organizaci\u00f3n distinta para cada pa\u00eds. Es autosuficiente desde el punto de vista financiero y se beneficia del marco proporcionado por Austria.<\/p>\n<p>Entre otras cosas, seguimos buscando colaboradores para<\/p>\n<p>Sede de la Direcci\u00f3n<br \/>\nDesarrollo \/ mantenimiento \/ ampliaci\u00f3n del sitio web y de las aplicaciones basadas en la web<br \/>\nAdministraci\u00f3n<br \/>\nAsesoramiento jur\u00eddico<br \/>\nComercializaci\u00f3n<br \/>\nPublicidad<br \/>\nRecaudaci\u00f3n de fondos<\/p>\n<p>Introducci\u00f3n y control de un sello de calidad para mayor seguridad<\/p>\n<\/div><\/section>\n","protected":false},"excerpt":{"rendered":"","protected":false},"author":1,"featured_media":0,"parent":7206,"menu_order":0,"comment_status":"closed","ping_status":"closed","template":"","meta":{"footnotes":""},"class_list":["post-5310","page","type-page","status-publish","hentry"],"_links":{"self":[{"href":"https:\/\/www.safershorelines.com\/es\/wp-json\/wp\/v2\/pages\/5310","targetHints":{"allow":["GET"]}}],"collection":[{"href":"https:\/\/www.safershorelines.com\/es\/wp-json\/wp\/v2\/pages"}],"about":[{"href":"https:\/\/www.safershorelines.com\/es\/wp-json\/wp\/v2\/types\/page"}],"author":[{"embeddable":true,"href":"https:\/\/www.safershorelines.com\/es\/wp-json\/wp\/v2\/users\/1"}],"replies":[{"embeddable":true,"href":"https:\/\/www.safershorelines.com\/es\/wp-json\/wp\/v2\/comments?post=5310"}],"version-history":[{"count":0,"href":"https:\/\/www.safershorelines.com\/es\/wp-json\/wp\/v2\/pages\/5310\/revisions"}],"up":[{"embeddable":true,"href":"https:\/\/www.safershorelines.com\/es\/wp-json\/wp\/v2\/pages\/7206"}],"wp:attachment":[{"href":"https:\/\/www.safershorelines.com\/es\/wp-json\/wp\/v2\/media?parent=5310"}],"curies":[{"name":"wp","href":"https:\/\/api.w.org\/{rel}","templated":true}]}}