{"id":5348,"date":"2020-01-10T19:56:01","date_gmt":"2020-01-10T19:56:01","guid":{"rendered":"https:\/\/www.safershorelines.com\/socio-colaborador\/"},"modified":"2024-01-16T15:56:11","modified_gmt":"2024-01-16T15:56:11","slug":"socio-colaborador","status":"publish","type":"page","link":"https:\/\/www.safershorelines.com\/es\/red\/socio-colaborador\/","title":{"rendered":"Socio colaborador"},"content":{"rendered":"\n<style type=\"text\/css\" data-created_by=\"avia_inline_auto\" id=\"style-css-av-p7wa-c796025e7d8273fcbe765989772c767c\">\n#top .av-special-heading.av-p7wa-c796025e7d8273fcbe765989772c767c{\npadding-bottom:10px;\n}\nbody .av-special-heading.av-p7wa-c796025e7d8273fcbe765989772c767c .av-special-heading-tag .heading-char{\nfont-size:25px;\n}\n.av-special-heading.av-p7wa-c796025e7d8273fcbe765989772c767c .av-subheading{\nfont-size:15px;\n}\n<\/style>\n<div  class='av-special-heading av-p7wa-c796025e7d8273fcbe765989772c767c av-special-heading-h1 blockquote modern-quote  avia-builder-el-0  el_before_av_textblock  avia-builder-el-first  av-linked-heading'><h1 class='av-special-heading-tag '  itemprop=\"headline\"  >Socio colaborador<\/h1><div class=\"special-heading-border\"><div class=\"special-heading-inner-border\"><\/div><\/div><\/div>\n<section  class='av_textblock_section av-k58kz5ls-843c6f237547eadcbb63453036c4baaa '   itemscope=\"itemscope\" itemtype=\"https:\/\/schema.org\/CreativeWork\" ><div class='avia_textblock'  itemprop=\"text\" ><p>Adem\u00e1s de las empresas ya mencionadas en el apartado <em>Socios oficiales <\/em>, el objetivo aqu\u00ed es encontrar organizaciones adecuadas en los respectivos pa\u00edses y difundir a trav\u00e9s de ellas nuestras gu\u00edas de buenas pr\u00e1cticas y material informativo sobre programas de seguridad.<\/p>\n<p>Posibles socios:<\/p>\n<p>Instalaciones de entrenamiento para todo tipo de deportes acu\u00e1ticos<br \/>\nOrganizaciones de rescate (formaci\u00f3n en primeros auxilios)<br \/>\nInstructor de Boatmaster<br \/>\nFabricante de equipos para deportes acu\u00e1ticos<br \/>\nAutoridades<br \/>\n\u00d3rdenes portuarias<br \/>\nInstalaciones hoteleras y de ocio<br \/>\nClubes y asociaciones de deportes n\u00e1uticos<\/p>\n<\/div><\/section>\n","protected":false},"excerpt":{"rendered":"","protected":false},"author":1,"featured_media":0,"parent":7206,"menu_order":0,"comment_status":"closed","ping_status":"closed","template":"","meta":{"footnotes":""},"class_list":["post-5348","page","type-page","status-publish","hentry"],"_links":{"self":[{"href":"https:\/\/www.safershorelines.com\/es\/wp-json\/wp\/v2\/pages\/5348","targetHints":{"allow":["GET"]}}],"collection":[{"href":"https:\/\/www.safershorelines.com\/es\/wp-json\/wp\/v2\/pages"}],"about":[{"href":"https:\/\/www.safershorelines.com\/es\/wp-json\/wp\/v2\/types\/page"}],"author":[{"embeddable":true,"href":"https:\/\/www.safershorelines.com\/es\/wp-json\/wp\/v2\/users\/1"}],"replies":[{"embeddable":true,"href":"https:\/\/www.safershorelines.com\/es\/wp-json\/wp\/v2\/comments?post=5348"}],"version-history":[{"count":0,"href":"https:\/\/www.safershorelines.com\/es\/wp-json\/wp\/v2\/pages\/5348\/revisions"}],"up":[{"embeddable":true,"href":"https:\/\/www.safershorelines.com\/es\/wp-json\/wp\/v2\/pages\/7206"}],"wp:attachment":[{"href":"https:\/\/www.safershorelines.com\/es\/wp-json\/wp\/v2\/media?parent=5348"}],"curies":[{"name":"wp","href":"https:\/\/api.w.org\/{rel}","templated":true}]}}