{"id":5267,"date":"2020-01-10T19:34:59","date_gmt":"2020-01-10T19:34:59","guid":{"rendered":"https:\/\/www.safershorelines.com\/recherche-de-fonds\/"},"modified":"2024-01-16T15:56:11","modified_gmt":"2024-01-16T15:56:11","slug":"recherche-de-fonds","status":"publish","type":"page","link":"https:\/\/www.safershorelines.com\/fr\/reseau\/recherche-de-fonds\/","title":{"rendered":"Recherche de fonds"},"content":{"rendered":"\n<style type=\"text\/css\" data-created_by=\"avia_inline_auto\" id=\"style-css-av-13wim-5562d8e33b311dd0065655f3f286d307\">\n#top .av-special-heading.av-13wim-5562d8e33b311dd0065655f3f286d307{\npadding-bottom:10px;\n}\nbody .av-special-heading.av-13wim-5562d8e33b311dd0065655f3f286d307 .av-special-heading-tag .heading-char{\nfont-size:25px;\n}\n.av-special-heading.av-13wim-5562d8e33b311dd0065655f3f286d307 .av-subheading{\nfont-size:15px;\n}\n<\/style>\n<div  class='av-special-heading av-13wim-5562d8e33b311dd0065655f3f286d307 av-special-heading-h1 blockquote modern-quote  avia-builder-el-0  el_before_av_textblock  avia-builder-el-first  av-linked-heading'><h1 class='av-special-heading-tag '  itemprop=\"headline\"  >Recherche de fonds<\/h1><div class=\"special-heading-border\"><div class=\"special-heading-inner-border\"><\/div><\/div><\/div>\n<section  class='av_textblock_section av-k58k7tmv-5ad90237fd43af01bce17356a7b1fe57 '   itemscope=\"itemscope\" itemtype=\"https:\/\/schema.org\/CreativeWork\" ><div class='avia_textblock'  itemprop=\"text\" ><p>En tant qu&#8217;organisation \u00e0 but non lucratif, nous d\u00e9pendons pour notre travail des contributions financi\u00e8res de tiers engag\u00e9s. Le choix des bons partenaires et la formulation d&#8217;objectifs clairs sont des \u00e9tapes importantes \u00e0 cet \u00e9gard. L&#8217;\u00e9troite collaboration avec MARES, SSI et ZOGGS Schwimmen, d\u00e9j\u00e0 sponsoris\u00e9s, constitue une base solide. Des centres de plong\u00e9e et l&#8217;Allemagne, l&#8217;Autriche et la Croatie sont \u00e0 bord. Les fabricants d&#8217;\u00e9quipements li\u00e9s \u00e0 la s\u00e9curit\u00e9 sont les bienvenus.<\/p>\n<p>Les fonds que nous recevons sont n\u00e9cessaires, entre autres, pour l&#8217;organisation au bureau, la pr\u00e9sence sur Internet et le d\u00e9veloppement et la mise \u00e0 disposition de documents. De plus, nous sponsorisons ainsi la formation de ma\u00eetres-nageurs.<\/p>\n<\/div><\/section>\n<div  class='hr av-oka2-0ed10643482514e8cb6160044d7c5061 hr-default  avia-builder-el-2  el_after_av_textblock  el_before_av_textblock '><span class='hr-inner '><span class=\"hr-inner-style\"><\/span><\/span><\/div>\n<section  class='av_textblock_section av-kf3tbvtn-ca6973bc4c2ea45b3dc1bed992587e8e '   itemscope=\"itemscope\" itemtype=\"https:\/\/schema.org\/CreativeWork\" ><div class='avia_textblock'  itemprop=\"text\" ><h3>Compte pour les dons :<\/h3>\n<p>AT29 3505 6000 0207 0266<\/p>\n<\/div><\/section>\n","protected":false},"excerpt":{"rendered":"","protected":false},"author":1,"featured_media":0,"parent":7204,"menu_order":0,"comment_status":"closed","ping_status":"closed","template":"","meta":{"footnotes":""},"class_list":["post-5267","page","type-page","status-publish","hentry"],"_links":{"self":[{"href":"https:\/\/www.safershorelines.com\/fr\/wp-json\/wp\/v2\/pages\/5267","targetHints":{"allow":["GET"]}}],"collection":[{"href":"https:\/\/www.safershorelines.com\/fr\/wp-json\/wp\/v2\/pages"}],"about":[{"href":"https:\/\/www.safershorelines.com\/fr\/wp-json\/wp\/v2\/types\/page"}],"author":[{"embeddable":true,"href":"https:\/\/www.safershorelines.com\/fr\/wp-json\/wp\/v2\/users\/1"}],"replies":[{"embeddable":true,"href":"https:\/\/www.safershorelines.com\/fr\/wp-json\/wp\/v2\/comments?post=5267"}],"version-history":[{"count":0,"href":"https:\/\/www.safershorelines.com\/fr\/wp-json\/wp\/v2\/pages\/5267\/revisions"}],"up":[{"embeddable":true,"href":"https:\/\/www.safershorelines.com\/fr\/wp-json\/wp\/v2\/pages\/7204"}],"wp:attachment":[{"href":"https:\/\/www.safershorelines.com\/fr\/wp-json\/wp\/v2\/media?parent=5267"}],"curies":[{"name":"wp","href":"https:\/\/api.w.org\/{rel}","templated":true}]}}