{"id":5471,"date":"2020-01-10T20:23:16","date_gmt":"2020-01-10T20:23:16","guid":{"rendered":"https:\/\/www.safershorelines.com\/organisation-nationale\/"},"modified":"2024-01-16T15:56:11","modified_gmt":"2024-01-16T15:56:11","slug":"organisation-nationale","status":"publish","type":"page","link":"https:\/\/www.safershorelines.com\/fr\/reseau\/organisation-nationale\/","title":{"rendered":"Organisation nationale"},"content":{"rendered":"\n<style type=\"text\/css\" data-created_by=\"avia_inline_auto\" id=\"style-css-av-rpkt-c70e6791b29778b2e113564fc47cdd10\">\n#top .av-special-heading.av-rpkt-c70e6791b29778b2e113564fc47cdd10{\npadding-bottom:10px;\n}\nbody .av-special-heading.av-rpkt-c70e6791b29778b2e113564fc47cdd10 .av-special-heading-tag .heading-char{\nfont-size:25px;\n}\n.av-special-heading.av-rpkt-c70e6791b29778b2e113564fc47cdd10 .av-subheading{\nfont-size:15px;\n}\n<\/style>\n<div  class='av-special-heading av-rpkt-c70e6791b29778b2e113564fc47cdd10 av-special-heading-h1 blockquote modern-quote  avia-builder-el-0  el_before_av_textblock  avia-builder-el-first  av-linked-heading'><h1 class='av-special-heading-tag '  itemprop=\"headline\"  >Organisation nationale<\/h1><div class=\"special-heading-border\"><div class=\"special-heading-inner-border\"><\/div><\/div><\/div>\n<section  class='av_textblock_section av-k58lxyuv-c6591ac96f7f5dd47312c4e6a8467d8f '   itemscope=\"itemscope\" itemtype=\"https:\/\/schema.org\/CreativeWork\" ><div class='avia_textblock'  itemprop=\"text\" ><p>Le travail de Safer Shorelines devrait s&#8217;\u00e9tendre \u00e0 de nombreux pays dans le monde. Les organisations sur place doivent agir en tant que partenaires du si\u00e8ge de Safer Shorelines en Autriche.<\/p>\n<p>Ces repr\u00e9sentations nationales pourraient \u00eatre cr\u00e9\u00e9es sous forme de club ou d&#8217;association. Ici, il faut d&#8217;abord d\u00e9terminer ce qui est le plus judicieux dans le pays concern\u00e9 et le co\u00fbt d&#8217;une cr\u00e9ation. Ensuite, le site web et les principaux documents doivent \u00eatre traduits dans la langue du pays. Dans ce cas, la priorit\u00e9 est d&#8217;atteindre un grand public avec peu d&#8217;efforts. Les sponsors dans les pays devraient \u00eatre trouv\u00e9s selon un sch\u00e9ma planifi\u00e9.<\/p>\n<p>Il convient d&#8217;examiner avec quelles organisations existantes nous pouvons travailler afin de toucher le plus efficacement possible un grand nombre d&#8217;amateurs de sports nautiques.<\/p>\n<p>Une hotline devrait \u00eatre disponible ainsi qu&#8217;un plan pour que les gens puissent participer b\u00e9n\u00e9volement.<\/p>\n<\/div><\/section>\n","protected":false},"excerpt":{"rendered":"","protected":false},"author":1,"featured_media":0,"parent":7204,"menu_order":0,"comment_status":"closed","ping_status":"closed","template":"","meta":{"footnotes":""},"class_list":["post-5471","page","type-page","status-publish","hentry"],"_links":{"self":[{"href":"https:\/\/www.safershorelines.com\/fr\/wp-json\/wp\/v2\/pages\/5471","targetHints":{"allow":["GET"]}}],"collection":[{"href":"https:\/\/www.safershorelines.com\/fr\/wp-json\/wp\/v2\/pages"}],"about":[{"href":"https:\/\/www.safershorelines.com\/fr\/wp-json\/wp\/v2\/types\/page"}],"author":[{"embeddable":true,"href":"https:\/\/www.safershorelines.com\/fr\/wp-json\/wp\/v2\/users\/1"}],"replies":[{"embeddable":true,"href":"https:\/\/www.safershorelines.com\/fr\/wp-json\/wp\/v2\/comments?post=5471"}],"version-history":[{"count":0,"href":"https:\/\/www.safershorelines.com\/fr\/wp-json\/wp\/v2\/pages\/5471\/revisions"}],"up":[{"embeddable":true,"href":"https:\/\/www.safershorelines.com\/fr\/wp-json\/wp\/v2\/pages\/7204"}],"wp:attachment":[{"href":"https:\/\/www.safershorelines.com\/fr\/wp-json\/wp\/v2\/media?parent=5471"}],"curies":[{"name":"wp","href":"https:\/\/api.w.org\/{rel}","templated":true}]}}