{"id":5542,"date":"2020-01-14T13:17:15","date_gmt":"2020-01-14T13:17:15","guid":{"rendered":"https:\/\/www.safershorelines.com\/participer\/"},"modified":"2024-01-17T10:06:14","modified_gmt":"2024-01-17T10:06:14","slug":"participer","status":"publish","type":"page","link":"https:\/\/www.safershorelines.com\/fr\/participer\/","title":{"rendered":"Participer"},"content":{"rendered":"\n<style type=\"text\/css\" data-created_by=\"avia_inline_auto\" id=\"style-css-av-k8wq1dus-5af86b53b5e8c904d27fbd5f6536b65c\">\n#top .av-special-heading.av-k8wq1dus-5af86b53b5e8c904d27fbd5f6536b65c{\npadding-bottom:10px;\n}\nbody .av-special-heading.av-k8wq1dus-5af86b53b5e8c904d27fbd5f6536b65c .av-special-heading-tag .heading-char{\nfont-size:25px;\n}\n.av-special-heading.av-k8wq1dus-5af86b53b5e8c904d27fbd5f6536b65c .av-subheading{\nfont-size:15px;\n}\n<\/style>\n<div  class='av-special-heading av-k8wq1dus-5af86b53b5e8c904d27fbd5f6536b65c av-special-heading-h1 blockquote modern-quote  avia-builder-el-0  el_before_av_hr  avia-builder-el-first '><h1 class='av-special-heading-tag '  itemprop=\"headline\"  >Ensemble, rendons nos c\u00f4tes et nos eaux plus s\u00fbres !<\/h1><div class=\"special-heading-border\"><div class=\"special-heading-inner-border\"><\/div><\/div><\/div>\n\n<style type=\"text\/css\" data-created_by=\"avia_inline_auto\" id=\"style-css-av-lrhm1ydl-e1aa5bea9d05d2591d0c0e4be79a4427\">\n#top .hr.hr-invisible.av-lrhm1ydl-e1aa5bea9d05d2591d0c0e4be79a4427{\nheight:30px;\n}\n<\/style>\n<div  class='hr av-lrhm1ydl-e1aa5bea9d05d2591d0c0e4be79a4427 hr-invisible  avia-builder-el-1  el_after_av_heading  el_before_av_textblock '><span class='hr-inner '><span class=\"hr-inner-style\"><\/span><\/span><\/div>\n<section  class='av_textblock_section av-lrgg1qy4-a9b61247cc39ae3186ad8049b13b4c9a '   itemscope=\"itemscope\" itemtype=\"https:\/\/schema.org\/CreativeWork\" ><div class='avia_textblock'  itemprop=\"text\" ><h2>Je souhaite soutenir Safer Shorelines en faisant un don :<\/h2>\n<p>Compte pour les dons<\/p>\n<p>IBAN : AT29 3505 6000 0207 0266<\/p>\n<p>BIC : RVSAAT2S056<\/p>\n<\/div><\/section>\n\n<style type=\"text\/css\" data-created_by=\"avia_inline_auto\" id=\"style-css-av-y3pb-e42fa06f0d63855fc32b460c3600d5b6\">\n#top .hr.hr-invisible.av-y3pb-e42fa06f0d63855fc32b460c3600d5b6{\nheight:30px;\n}\n<\/style>\n<div  class='hr av-y3pb-e42fa06f0d63855fc32b460c3600d5b6 hr-invisible  avia-builder-el-3  el_after_av_textblock  el_before_av_textblock '><span class='hr-inner '><span class=\"hr-inner-style\"><\/span><\/span><\/div>\n<section  class='av_textblock_section av-k5dwa9rd-efc46a6acfb28ce1b255f472bd32755c '   itemscope=\"itemscope\" itemtype=\"https:\/\/schema.org\/CreativeWork\" ><div class='avia_textblock'  itemprop=\"text\" ><h2>Je souhaite participer activement \u00e0 Safer Shorelines.<\/h2>\n<p>Remplis ce formulaire et aide-nous \u00e0 diffuser de nouvelles directives de s\u00e9curit\u00e9 autour du th\u00e8me des sports nautiques.<\/p>\n<\/div><\/section>\n<form action=\"https:\/\/www.safershorelines.com\/fr\/participer\/\" method=\"post\" data-fields-with-error=\"Erreurs trouv\u00e9es dans les champs suivants :\" class=\"avia_ajax_form av-form-labels-visible   avia-builder-el-5  el_after_av_textblock  avia-builder-el-last   \" data-avia-form-id=\"1\" data-avia-redirect='' ><h3 class=''>Comment aimerais-tu t&#039;impliquer ?<\/h3><fieldset><p class='  first_form  form_element form_element_half' id='element_avia_1_1'><input  name=\"avia_1_1\" class=\"input_checkbox \" type=\"checkbox\" id=\"avia_1_1\" value=\"true\"\/><label class=\"input_checkbox_label\" for=\"avia_1_1\">\u00c9quipe de d\u00e9veloppement<\/label><\/p><p class='  form_element form_element_half' id='element_avia_2_1'><input  name=\"avia_2_1\" class=\"input_checkbox \" type=\"checkbox\" id=\"avia_2_1\" value=\"true\"\/><label class=\"input_checkbox_label\" for=\"avia_2_1\">Publicit\u00e9 &amp; recherche de fonds<\/label><\/p><p class='  first_form  form_element form_element_half' id='element_avia_3_1'><input  name=\"avia_3_1\" class=\"input_checkbox \" type=\"checkbox\" id=\"avia_3_1\" value=\"true\"\/><label class=\"input_checkbox_label\" for=\"avia_3_1\">Managing TEAM<\/label><\/p><p class='  form_element form_element_half' id='element_avia_4_1'><input  name=\"avia_4_1\" class=\"input_checkbox \" type=\"checkbox\" id=\"avia_4_1\" value=\"true\"\/><label class=\"input_checkbox_label\" for=\"avia_4_1\">Utilisation dans mon entreprise de sports nautiques<\/label><\/p><p class='  first_form  form_element form_fullwidth' id='element_avia_5_1'><input  name=\"avia_5_1\" class=\"input_checkbox \" type=\"checkbox\" id=\"avia_5_1\" value=\"true\"\/><label class=\"input_checkbox_label\" for=\"avia_5_1\">Sponsor<\/label><\/p><p class='  first_form  form_element form_element_half' id='element_avia_6_1'><label for=\"avia_6_1\">Pr\u00e9nom <abbr class=\"required\" title=\"requis(e)\">*<\/abbr><\/label> <input name=\"avia_6_1\" class=\"text_input is_empty\" type=\"text\" id=\"avia_6_1\" value=\"\" \/><\/p><p class='  form_element form_element_half' id='element_avia_7_1'><label for=\"avia_7_1\">Nom <abbr class=\"required\" title=\"requis(e)\">*<\/abbr><\/label> <input name=\"avia_7_1\" class=\"text_input is_empty\" type=\"text\" id=\"avia_7_1\" value=\"\" \/><\/p><p class='  first_form  form_element form_element_half' id='element_avia_8_1'><label for=\"avia_8_1\">Courrier \u00e9lectronique <abbr class=\"required\" title=\"requis(e)\">*<\/abbr><\/label> <input name=\"avia_8_1\" class=\"text_input is_email\" type=\"text\" id=\"avia_8_1\" value=\"\" \/><\/p><p class='  form_element form_element_half' id='element_avia_9_1'><label for=\"avia_9_1\">Nom de l&#039;entreprise<\/label> <input name=\"avia_9_1\" class=\"text_input \" type=\"text\" id=\"avia_9_1\" value=\"\" \/><\/p><p class='  first_form  form_element form_fullwidth' id='element_avia_10_1'><label for=\"avia_10_1\" class=\"textare_label hidden textare_label_avia_10_1\">Commentaire<\/label><textarea  name=\"avia_10_1\" class=\"text_area \" cols=\"40\" rows=\"7\" id=\"avia_10_1\" ><\/textarea><\/p><p class=\"hidden\"><input type=\"text\" name=\"avia_11_1\" class=\"hidden \" id=\"avia_11_1\" value=\"\" \/><\/p><p class='   form_element form_fullwidth' id='element_avia_12_1'><span class='value_verifier_label'>5 + 2 = ?<\/span><input name=\"avia_12_1_verifier\" type=\"hidden\" id=\"avia_12_1_verifier\" value=\"835367746\"\/><label for=\"avia_12_1\">Merci de prouver que vous \u00eates un humain en donnant le r\u00e9sultat de cette op\u00e9ration <abbr class=\"required\" title=\"requis(e)\">*<\/abbr><\/label><input name=\"avia_12_1\" class=\"text_input captcha\" type=\"text\" id=\"avia_12_1\" value=\"\"\/><\/p><p class=\"form_element \"><input type=\"hidden\" value=\"1\" name=\"avia_generated_form1\" \/><input type=\"submit\" value=\"Envoyer\" class=\"button\"  data-sending-label=\"Envoi\"\/><\/p><\/fieldset><\/form><div id=\"ajaxresponse_1\" class=\"ajaxresponse ajaxresponse_1 hidden\"><\/div>\n","protected":false},"excerpt":{"rendered":"","protected":false},"author":1,"featured_media":0,"parent":0,"menu_order":0,"comment_status":"closed","ping_status":"closed","template":"","meta":{"footnotes":""},"class_list":["post-5542","page","type-page","status-publish","hentry"],"_links":{"self":[{"href":"https:\/\/www.safershorelines.com\/fr\/wp-json\/wp\/v2\/pages\/5542","targetHints":{"allow":["GET"]}}],"collection":[{"href":"https:\/\/www.safershorelines.com\/fr\/wp-json\/wp\/v2\/pages"}],"about":[{"href":"https:\/\/www.safershorelines.com\/fr\/wp-json\/wp\/v2\/types\/page"}],"author":[{"embeddable":true,"href":"https:\/\/www.safershorelines.com\/fr\/wp-json\/wp\/v2\/users\/1"}],"replies":[{"embeddable":true,"href":"https:\/\/www.safershorelines.com\/fr\/wp-json\/wp\/v2\/comments?post=5542"}],"version-history":[{"count":0,"href":"https:\/\/www.safershorelines.com\/fr\/wp-json\/wp\/v2\/pages\/5542\/revisions"}],"wp:attachment":[{"href":"https:\/\/www.safershorelines.com\/fr\/wp-json\/wp\/v2\/media?parent=5542"}],"curies":[{"name":"wp","href":"https:\/\/api.w.org\/{rel}","templated":true}]}}