{"id":8495,"date":"2025-03-04T09:49:49","date_gmt":"2025-03-04T08:49:49","guid":{"rendered":"https:\/\/www.safershorelines.com\/sinscrire-en-tant-quentreprise-partenaire\/"},"modified":"2025-03-04T11:17:02","modified_gmt":"2025-03-04T10:17:02","slug":"sinscrire-en-tant-quentreprise-partenaire","status":"publish","type":"page","link":"https:\/\/www.safershorelines.com\/fr\/sinscrire-en-tant-quentreprise-partenaire\/","title":{"rendered":"S&#8217;inscrire en tant que sponsor"},"content":{"rendered":"\n<style type=\"text\/css\" data-created_by=\"avia_inline_auto\" id=\"style-css-av-m7u8uep0-b2aeecedbebc1b94d9027c09ad75fb59\">\n#top .av-special-heading.av-m7u8uep0-b2aeecedbebc1b94d9027c09ad75fb59{\npadding-bottom:10px;\n}\nbody .av-special-heading.av-m7u8uep0-b2aeecedbebc1b94d9027c09ad75fb59 .av-special-heading-tag .heading-char{\nfont-size:25px;\n}\n.av-special-heading.av-m7u8uep0-b2aeecedbebc1b94d9027c09ad75fb59 .av-subheading{\nfont-size:15px;\n}\n<\/style>\n<div  class='av-special-heading av-m7u8uep0-b2aeecedbebc1b94d9027c09ad75fb59 av-special-heading-h1  avia-builder-el-0  el_before_av_textblock  avia-builder-el-first '><h1 class='av-special-heading-tag '  itemprop=\"headline\"  >S\u2019inscrire en tant que sponsor<\/h1><div class=\"special-heading-border\"><div class=\"special-heading-inner-border\"><\/div><\/div><\/div>\n<section  class='av_textblock_section av-m7u8volz-0dcc18f5ca84c3975273c42cf392db34 '   itemscope=\"itemscope\" itemtype=\"https:\/\/schema.org\/CreativeWork\" ><div class='avia_textblock'  itemprop=\"text\" ><p>Nous trouvons le travail de Safer Shorelines formidable et nous le soutenons. Qu&#8217;il s&#8217;agisse de 1000 Swim Teacher, des 10 r\u00e8gles ou des activit\u00e9s sur le web et les m\u00e9dias sociaux. Notre contribution est en s\u00e9curit\u00e9 avec vous<\/p>\n<\/div><\/section>\n\n","protected":false},"excerpt":{"rendered":"","protected":false},"author":1,"featured_media":0,"parent":0,"menu_order":0,"comment_status":"closed","ping_status":"closed","template":"","meta":{"footnotes":""},"class_list":["post-8495","page","type-page","status-publish","hentry"],"_links":{"self":[{"href":"https:\/\/www.safershorelines.com\/fr\/wp-json\/wp\/v2\/pages\/8495","targetHints":{"allow":["GET"]}}],"collection":[{"href":"https:\/\/www.safershorelines.com\/fr\/wp-json\/wp\/v2\/pages"}],"about":[{"href":"https:\/\/www.safershorelines.com\/fr\/wp-json\/wp\/v2\/types\/page"}],"author":[{"embeddable":true,"href":"https:\/\/www.safershorelines.com\/fr\/wp-json\/wp\/v2\/users\/1"}],"replies":[{"embeddable":true,"href":"https:\/\/www.safershorelines.com\/fr\/wp-json\/wp\/v2\/comments?post=8495"}],"version-history":[{"count":10,"href":"https:\/\/www.safershorelines.com\/fr\/wp-json\/wp\/v2\/pages\/8495\/revisions"}],"predecessor-version":[{"id":8552,"href":"https:\/\/www.safershorelines.com\/fr\/wp-json\/wp\/v2\/pages\/8495\/revisions\/8552"}],"wp:attachment":[{"href":"https:\/\/www.safershorelines.com\/fr\/wp-json\/wp\/v2\/media?parent=8495"}],"curies":[{"name":"wp","href":"https:\/\/api.w.org\/{rel}","templated":true}]}}